{"id":78,"date":"2020-07-27T18:07:06","date_gmt":"2020-07-27T18:07:06","guid":{"rendered":"http:\/\/lacasadelcipres.com\/?page_id=78"},"modified":"2022-01-10T19:22:31","modified_gmt":"2022-01-10T19:22:31","slug":"presentacion","status":"publish","type":"page","link":"https:\/\/lacasadelcipres.com\/?page_id=78","title":{"rendered":"Presentaci\u00f3n"},"content":{"rendered":"<!-- default-view.php -->\n<div\n\tclass=\"ngg-galleryoverview default-view \"\n\tid=\"ngg-gallery-a55040d56d7367057f95644af78b146f-1\">\n\n\t\t<!-- Thumbnails -->\n\t\t\t\t<div id=\"ngg-image-0\" class=\"ngg-gallery-thumbnail-box \" >\n\t\t\t\t        <div class=\"ngg-gallery-thumbnail\">\n            <a href=\"https:\/\/lacasadelcipres.com\/wp-content\/gallery\/cabecera\/39b2967d-0836-4281-96f0-817f8eb0fb95.JPG\"\n               title=\"\"\n               data-src=\"https:\/\/lacasadelcipres.com\/wp-content\/gallery\/cabecera\/39b2967d-0836-4281-96f0-817f8eb0fb95.JPG\"\n               data-thumbnail=\"https:\/\/lacasadelcipres.com\/wp-content\/gallery\/cabecera\/thumbs\/thumbs_39b2967d-0836-4281-96f0-817f8eb0fb95.JPG\"\n               data-image-id=\"124\"\n               data-title=\"39b2967d-0836-4281-96f0-817f8eb0fb95\"\n               data-description=\"\"\n               data-image-slug=\"39b2967d-0836-4281-96f0-817f8eb0fb95\"\n               class=\"ngg-simplelightbox\" rel=\"a55040d56d7367057f95644af78b146f\">\n                <img\n                    title=\"39b2967d-0836-4281-96f0-817f8eb0fb95\"\n                    alt=\"39b2967d-0836-4281-96f0-817f8eb0fb95\"\n                    src=\"https:\/\/lacasadelcipres.com\/wp-content\/gallery\/cabecera\/thumbs\/thumbs_39b2967d-0836-4281-96f0-817f8eb0fb95.JPG\"\n                    width=\"240\"\n                    height=\"160\"\n                    style=\"max-width:100%;\"\n                \/>\n            <\/a>\n        <\/div>\n\t\t\t\t\t\t\t<\/div> \n\t\t\t\n\t\t\t\t<div id=\"ngg-image-1\" class=\"ngg-gallery-thumbnail-box \" >\n\t\t\t\t        <div class=\"ngg-gallery-thumbnail\">\n            <a href=\"https:\/\/lacasadelcipres.com\/wp-content\/gallery\/cabecera\/IMG_0898.jpg\"\n               title=\"\"\n               data-src=\"https:\/\/lacasadelcipres.com\/wp-content\/gallery\/cabecera\/IMG_0898.jpg\"\n               data-thumbnail=\"https:\/\/lacasadelcipres.com\/wp-content\/gallery\/cabecera\/thumbs\/thumbs_IMG_0898.jpg\"\n               data-image-id=\"125\"\n               data-title=\"IMG_0898\"\n               data-description=\"\"\n               data-image-slug=\"img_0898\"\n               class=\"ngg-simplelightbox\" rel=\"a55040d56d7367057f95644af78b146f\">\n                <img\n                    title=\"IMG_0898\"\n                    alt=\"IMG_0898\"\n                    src=\"https:\/\/lacasadelcipres.com\/wp-content\/gallery\/cabecera\/thumbs\/thumbs_IMG_0898.jpg\"\n                    width=\"240\"\n                    height=\"160\"\n                    style=\"max-width:100%;\"\n                \/>\n            <\/a>\n        <\/div>\n\t\t\t\t\t\t\t<\/div> \n\t\t\t\n\t\t\t\t<div id=\"ngg-image-2\" class=\"ngg-gallery-thumbnail-box \" >\n\t\t\t\t        <div class=\"ngg-gallery-thumbnail\">\n            <a href=\"https:\/\/lacasadelcipres.com\/wp-content\/gallery\/cabecera\/IMG_0895.jpg\"\n               title=\"\"\n               data-src=\"https:\/\/lacasadelcipres.com\/wp-content\/gallery\/cabecera\/IMG_0895.jpg\"\n               data-thumbnail=\"https:\/\/lacasadelcipres.com\/wp-content\/gallery\/cabecera\/thumbs\/thumbs_IMG_0895.jpg\"\n               data-image-id=\"126\"\n               data-title=\"IMG_0895\"\n               data-description=\"\"\n               data-image-slug=\"img_0895\"\n               class=\"ngg-simplelightbox\" rel=\"a55040d56d7367057f95644af78b146f\">\n                <img\n                    title=\"IMG_0895\"\n                    alt=\"IMG_0895\"\n                    src=\"https:\/\/lacasadelcipres.com\/wp-content\/gallery\/cabecera\/thumbs\/thumbs_IMG_0895.jpg\"\n                    width=\"240\"\n                    height=\"160\"\n                    style=\"max-width:100%;\"\n                \/>\n            <\/a>\n        <\/div>\n\t\t\t\t\t\t\t<\/div> \n\t\t\t\n\t\t\t\t<div id=\"ngg-image-3\" class=\"ngg-gallery-thumbnail-box \" >\n\t\t\t\t        <div class=\"ngg-gallery-thumbnail\">\n            <a href=\"https:\/\/lacasadelcipres.com\/wp-content\/gallery\/cabecera\/76.jpg\"\n               title=\"\"\n               data-src=\"https:\/\/lacasadelcipres.com\/wp-content\/gallery\/cabecera\/76.jpg\"\n               data-thumbnail=\"https:\/\/lacasadelcipres.com\/wp-content\/gallery\/cabecera\/thumbs\/thumbs_76.jpg\"\n               data-image-id=\"177\"\n               data-title=\"76\"\n               data-description=\"\"\n               data-image-slug=\"76\"\n               class=\"ngg-simplelightbox\" rel=\"a55040d56d7367057f95644af78b146f\">\n                <img\n                    title=\"76\"\n                    alt=\"76\"\n                    src=\"https:\/\/lacasadelcipres.com\/wp-content\/gallery\/cabecera\/thumbs\/thumbs_76.jpg\"\n                    width=\"240\"\n                    height=\"160\"\n                    style=\"max-width:100%;\"\n                \/>\n            <\/a>\n        <\/div>\n\t\t\t\t\t\t\t<\/div> \n\t\t\t\n\t\n\t<br style=\"clear: both\" \/>\n\n\t\n\t\t<!-- Pagination -->\n\t<div class='ngg-clear'><\/div>\t<\/div>\n\n<p style=\"text-align: left;\">Hubo un tiempo en que \u201c La Casa del Cipr\u00e9s \u201c estuvo presidida por un enorme \u00e1rbol plantado en su patio, un cipr\u00e9s que atisbaba erguido el horizonte.<\/p>\n<p style=\"text-align: left;\">Nuestro cipr\u00e9s recupera el s\u00edmbolo de la conexi\u00f3n entre el cielo y la tierra. El eje arriba-abajo que domina nuestras creencias y psicolog\u00eda, nuestra moral y hasta nuestro lenguaje en una casa que es historia viva de la humanidad. La casa est\u00e1 situada en el n\u00famero dos de la Calle Tornillo de C\u00f3rdoba, encima de la gran cloaca romana que recog\u00eda las aguas de la muralla que bajaban por Maese Luis, el posible pariente de Miguel de Cervantes. Sus vestigios romanos son testigos silenciosos de ese pasado: un arco de la cloaca y maravillosos mosaicos en cada rinc\u00f3n, como el que preside la chimenea del sal\u00f3n principal, un hipocampo, el animal mitol\u00f3gico que tanto signific\u00f3 en Roma, mitad caballo, mitad animal marino. Situada entre \u201cLa Ermita de la Candelaria\u201d y \u201cLa Ermita de la Consolaci\u00f3n\u201d, en la parte m\u00e1s estrecha de la Calle del Tornillo, junto al que fuera \u201cHospital de la Consolaci\u00f3n\u201d y despu\u00e9s la Casa de Exp\u00f3sitos en 1599. All\u00ed se ubicaba un peque\u00f1o torno, muy peque\u00f1o, de ah\u00ed el nombre de la calle, en el estrechamiento donde se ubica nuestra casa era el lugar donde se dejaban abandonados a los reci\u00e9n nacidos en aquellas \u00e9pocas oscuras de nuestro pasado. \u201cLa Casa del Cipr\u00e9s\u201d est\u00e1 catalogada como patrimonio art\u00edstico y cultural de C\u00f3rdoba y as\u00ed est\u00e1 reconocida en los archivos municipales.<\/p>\n<p><!-- default-view.php -->\n<div\n\tclass=\"ngg-galleryoverview default-view \"\n\tid=\"ngg-gallery-a3fc193a70d7420fc9e55214a17ee5f4-1\">\n\n\t\t<!-- Thumbnails -->\n\t\t\t\t<div id=\"ngg-image-0\" class=\"ngg-gallery-thumbnail-box \" >\n\t\t\t\t        <div class=\"ngg-gallery-thumbnail\">\n            <a href=\"https:\/\/lacasadelcipres.com\/wp-content\/gallery\/presentacion-2\/34.jpg\"\n               title=\"\"\n               data-src=\"https:\/\/lacasadelcipres.com\/wp-content\/gallery\/presentacion-2\/34.jpg\"\n               data-thumbnail=\"https:\/\/lacasadelcipres.com\/wp-content\/gallery\/presentacion-2\/thumbs\/thumbs_34.jpg\"\n               data-image-id=\"30\"\n               data-title=\"34\"\n               data-description=\"\"\n               data-image-slug=\"34\"\n               class=\"ngg-simplelightbox\" rel=\"a3fc193a70d7420fc9e55214a17ee5f4\">\n                <img\n                    title=\"34\"\n                    alt=\"34\"\n                    src=\"https:\/\/lacasadelcipres.com\/wp-content\/gallery\/presentacion-2\/thumbs\/thumbs_34.jpg\"\n                    width=\"240\"\n                    height=\"160\"\n                    style=\"max-width:100%;\"\n                \/>\n            <\/a>\n        <\/div>\n\t\t\t\t\t\t\t<\/div> \n\t\t\t\n\t\t\t\t<div id=\"ngg-image-1\" class=\"ngg-gallery-thumbnail-box \" >\n\t\t\t\t        <div class=\"ngg-gallery-thumbnail\">\n            <a href=\"https:\/\/lacasadelcipres.com\/wp-content\/gallery\/presentacion-2\/IMG_0899.jpg\"\n               title=\"\"\n               data-src=\"https:\/\/lacasadelcipres.com\/wp-content\/gallery\/presentacion-2\/IMG_0899.jpg\"\n               data-thumbnail=\"https:\/\/lacasadelcipres.com\/wp-content\/gallery\/presentacion-2\/thumbs\/thumbs_IMG_0899.jpg\"\n               data-image-id=\"117\"\n               data-title=\"IMG_0899\"\n               data-description=\"\"\n               data-image-slug=\"img_0899\"\n               class=\"ngg-simplelightbox\" rel=\"a3fc193a70d7420fc9e55214a17ee5f4\">\n                <img\n                    title=\"IMG_0899\"\n                    alt=\"IMG_0899\"\n                    src=\"https:\/\/lacasadelcipres.com\/wp-content\/gallery\/presentacion-2\/thumbs\/thumbs_IMG_0899.jpg\"\n                    width=\"240\"\n                    height=\"160\"\n                    style=\"max-width:100%;\"\n                \/>\n            <\/a>\n        <\/div>\n\t\t\t\t\t\t\t<\/div> \n\t\t\t\n\t\t\t\t<div id=\"ngg-image-2\" class=\"ngg-gallery-thumbnail-box \" >\n\t\t\t\t        <div class=\"ngg-gallery-thumbnail\">\n            <a href=\"https:\/\/lacasadelcipres.com\/wp-content\/gallery\/presentacion-2\/La-Casa-del-Cipr%C3%A9s_018.jpg\"\n               title=\"\"\n               data-src=\"https:\/\/lacasadelcipres.com\/wp-content\/gallery\/presentacion-2\/La-Casa-del-Cipr%C3%A9s_018.jpg\"\n               data-thumbnail=\"https:\/\/lacasadelcipres.com\/wp-content\/gallery\/presentacion-2\/thumbs\/thumbs_La-Casa-del-Cipr%C3%A9s_018.jpg\"\n               data-image-id=\"32\"\n               data-title=\"La-Casa-del-Cipr\u00e9s_018\"\n               data-description=\"\"\n               data-image-slug=\"la-casa-del-cipr%c3%a9s_018\"\n               class=\"ngg-simplelightbox\" rel=\"a3fc193a70d7420fc9e55214a17ee5f4\">\n                <img\n                    title=\"La-Casa-del-Cipr\u00e9s_018\"\n                    alt=\"La-Casa-del-Cipr\u00e9s_018\"\n                    src=\"https:\/\/lacasadelcipres.com\/wp-content\/gallery\/presentacion-2\/thumbs\/thumbs_La-Casa-del-Cipr%C3%A9s_018.jpg\"\n                    width=\"240\"\n                    height=\"160\"\n                    style=\"max-width:100%;\"\n                \/>\n            <\/a>\n        <\/div>\n\t\t\t\t\t\t\t<\/div> \n\t\t\t\n\t\t\t\t<div id=\"ngg-image-3\" class=\"ngg-gallery-thumbnail-box \" >\n\t\t\t\t        <div class=\"ngg-gallery-thumbnail\">\n            <a href=\"https:\/\/lacasadelcipres.com\/wp-content\/gallery\/presentacion-2\/31010213-5F27-43E8-91C6-691588E3A4E2.JPG\"\n               title=\"\"\n               data-src=\"https:\/\/lacasadelcipres.com\/wp-content\/gallery\/presentacion-2\/31010213-5F27-43E8-91C6-691588E3A4E2.JPG\"\n               data-thumbnail=\"https:\/\/lacasadelcipres.com\/wp-content\/gallery\/presentacion-2\/thumbs\/thumbs_31010213-5F27-43E8-91C6-691588E3A4E2.JPG\"\n               data-image-id=\"118\"\n               data-title=\"31010213-5F27-43E8-91C6-691588E3A4E2\"\n               data-description=\"\"\n               data-image-slug=\"31010213-5f27-43e8-91c6-691588e3a4e2\"\n               class=\"ngg-simplelightbox\" rel=\"a3fc193a70d7420fc9e55214a17ee5f4\">\n                <img\n                    title=\"31010213-5F27-43E8-91C6-691588E3A4E2\"\n                    alt=\"31010213-5F27-43E8-91C6-691588E3A4E2\"\n                    src=\"https:\/\/lacasadelcipres.com\/wp-content\/gallery\/presentacion-2\/thumbs\/thumbs_31010213-5F27-43E8-91C6-691588E3A4E2.JPG\"\n                    width=\"240\"\n                    height=\"160\"\n                    style=\"max-width:100%;\"\n                \/>\n            <\/a>\n        <\/div>\n\t\t\t\t\t\t\t<\/div> \n\t\t\t\n\t\n\t<br style=\"clear: both\" \/>\n\n\t\n\t\t<!-- Pagination -->\n\t<div class='ngg-clear'><\/div>\t<\/div>\nEn el a\u00f1o 1998, a finales del siglo XX, \u201cLa Casa del Cipr\u00e9s\u201d pas\u00f3 a ser gestionada por la Administraci\u00f3n, acogiendo el Instituto Andaluz de la Juventud y convirti\u00e9ndose entonces en un referente cultural, cuna de escritores, poetas, pintores y artistas de la C\u00f3rdoba del final del Siglo pasado. Aqu\u00ed naci\u00f3 <a href=\"https:\/\/www.cosmopoetica.es\" target=\"_blank\" rel=\"noopener noreferrer\">COSMOPOETICA.<\/a><\/p>\n<div class=\"row\" style=\"padding-top: 30px;\">\n<div class=\"col-sm-2\"><img decoding=\"async\" class=\"img-responsive aligncenter\" style=\"max-height: 250px;\" src=\"http:\/\/lacasadelcipres.com\/wp-content\/uploads\/2021\/01\/IMG_55971.jpg\" alt=\"\"><\/div>\n<div class=\"col-sm-10\">\n<p>En cada una de sus paredes est\u00e1 marcada la historia de C\u00f3rdoba bajo la atenta mirada de las campanas de San Francisco, en pleno barrio de San Pedro, acumulando siglos de historia esta casa singular en la estrecha calleja de la Axerqu\u00eda cordobesa; junto a la Plaza de la Corredera y la Plaza del Potro, a diez minutos andando de la Plaza de las Tendillas pasando por el Ayuntamiento y el templo romano de Claudio Marcelo y a cinco minutos de la Puerta del Puente (Arco del Triunfo) declarada con el Puente Romano y la Torre de la Calahorra Bien de Inter\u00e9s Cultural. Junto a la Puerta, una de las tres \u00fanicas que se conservan en la ciudad, nos encontramos con la Mezquita-Catedral.<\/p>\n<p>Asomarse al Guadalquivir tras visitar el Museo de Julio Romero, pasear por el Puente Romano y visitar la Mezquita Catedral nunca estuvo m\u00e1s cerca del viajero, quien descansar\u00e1 luego en este remanso de paz, en este espacio exclusivo sin compartirlo con nadie y con todos los servicios exclusivos que pueda imaginar.<\/p>\n<\/div>\n<\/div>\n<p>&nbsp;<\/p>\n<!-- default-view.php -->\n<div\n\tclass=\"ngg-galleryoverview default-view \"\n\tid=\"ngg-gallery-56c6d5d90d63928a3f9fba632cc52ec6-1\">\n\n\t\t<!-- Thumbnails -->\n\t\t\t\t<div id=\"ngg-image-0\" class=\"ngg-gallery-thumbnail-box \" >\n\t\t\t\t        <div class=\"ngg-gallery-thumbnail\">\n            <a href=\"https:\/\/lacasadelcipres.com\/wp-content\/gallery\/presentacion\/2.jpg\"\n               title=\"\"\n               data-src=\"https:\/\/lacasadelcipres.com\/wp-content\/gallery\/presentacion\/2.jpg\"\n               data-thumbnail=\"https:\/\/lacasadelcipres.com\/wp-content\/gallery\/presentacion\/thumbs\/thumbs_2.jpg\"\n               data-image-id=\"23\"\n               data-title=\"2\"\n               data-description=\"\"\n               data-image-slug=\"2\"\n               class=\"ngg-simplelightbox\" rel=\"56c6d5d90d63928a3f9fba632cc52ec6\">\n                <img\n                    title=\"2\"\n                    alt=\"2\"\n                    src=\"https:\/\/lacasadelcipres.com\/wp-content\/gallery\/presentacion\/thumbs\/thumbs_2.jpg\"\n                    width=\"240\"\n                    height=\"160\"\n                    style=\"max-width:100%;\"\n                \/>\n            <\/a>\n        <\/div>\n\t\t\t\t\t\t\t<\/div> \n\t\t\t\n\t\t\t\t<div id=\"ngg-image-1\" class=\"ngg-gallery-thumbnail-box \" >\n\t\t\t\t        <div class=\"ngg-gallery-thumbnail\">\n            <a href=\"https:\/\/lacasadelcipres.com\/wp-content\/gallery\/presentacion\/IMG_0901.jpg\"\n               title=\"\"\n               data-src=\"https:\/\/lacasadelcipres.com\/wp-content\/gallery\/presentacion\/IMG_0901.jpg\"\n               data-thumbnail=\"https:\/\/lacasadelcipres.com\/wp-content\/gallery\/presentacion\/thumbs\/thumbs_IMG_0901.jpg\"\n               data-image-id=\"121\"\n               data-title=\"IMG_0901\"\n               data-description=\"\"\n               data-image-slug=\"img_0901\"\n               class=\"ngg-simplelightbox\" rel=\"56c6d5d90d63928a3f9fba632cc52ec6\">\n                <img\n                    title=\"IMG_0901\"\n                    alt=\"IMG_0901\"\n                    src=\"https:\/\/lacasadelcipres.com\/wp-content\/gallery\/presentacion\/thumbs\/thumbs_IMG_0901.jpg\"\n                    width=\"240\"\n                    height=\"160\"\n                    style=\"max-width:100%;\"\n                \/>\n            <\/a>\n        <\/div>\n\t\t\t\t\t\t\t<\/div> \n\t\t\t\n\t\t\t\t<div id=\"ngg-image-2\" class=\"ngg-gallery-thumbnail-box \" >\n\t\t\t\t        <div class=\"ngg-gallery-thumbnail\">\n            <a href=\"https:\/\/lacasadelcipres.com\/wp-content\/gallery\/presentacion\/54.jpg\"\n               title=\"\"\n               data-src=\"https:\/\/lacasadelcipres.com\/wp-content\/gallery\/presentacion\/54.jpg\"\n               data-thumbnail=\"https:\/\/lacasadelcipres.com\/wp-content\/gallery\/presentacion\/thumbs\/thumbs_54.jpg\"\n               data-image-id=\"24\"\n               data-title=\"54\"\n               data-description=\"\"\n               data-image-slug=\"54\"\n               class=\"ngg-simplelightbox\" rel=\"56c6d5d90d63928a3f9fba632cc52ec6\">\n                <img\n                    title=\"54\"\n                    alt=\"54\"\n                    src=\"https:\/\/lacasadelcipres.com\/wp-content\/gallery\/presentacion\/thumbs\/thumbs_54.jpg\"\n                    width=\"240\"\n                    height=\"160\"\n                    style=\"max-width:100%;\"\n                \/>\n            <\/a>\n        <\/div>\n\t\t\t\t\t\t\t<\/div> \n\t\t\t\n\t\t\t\t<div id=\"ngg-image-3\" class=\"ngg-gallery-thumbnail-box \" >\n\t\t\t\t        <div class=\"ngg-gallery-thumbnail\">\n            <a href=\"https:\/\/lacasadelcipres.com\/wp-content\/gallery\/presentacion\/IMG_0055.jpg\"\n               title=\"\"\n               data-src=\"https:\/\/lacasadelcipres.com\/wp-content\/gallery\/presentacion\/IMG_0055.jpg\"\n               data-thumbnail=\"https:\/\/lacasadelcipres.com\/wp-content\/gallery\/presentacion\/thumbs\/thumbs_IMG_0055.jpg\"\n               data-image-id=\"119\"\n               data-title=\"IMG_0055\"\n               data-description=\"\"\n               data-image-slug=\"img_0055\"\n               class=\"ngg-simplelightbox\" rel=\"56c6d5d90d63928a3f9fba632cc52ec6\">\n                <img\n                    title=\"IMG_0055\"\n                    alt=\"IMG_0055\"\n                    src=\"https:\/\/lacasadelcipres.com\/wp-content\/gallery\/presentacion\/thumbs\/thumbs_IMG_0055.jpg\"\n                    width=\"240\"\n                    height=\"160\"\n                    style=\"max-width:100%;\"\n                \/>\n            <\/a>\n        <\/div>\n\t\t\t\t\t\t\t<\/div> \n\t\t\t\n\t\t\t\t<div id=\"ngg-image-4\" class=\"ngg-gallery-thumbnail-box \" >\n\t\t\t\t        <div class=\"ngg-gallery-thumbnail\">\n            <a href=\"https:\/\/lacasadelcipres.com\/wp-content\/gallery\/presentacion\/64.jpg\"\n               title=\"\"\n               data-src=\"https:\/\/lacasadelcipres.com\/wp-content\/gallery\/presentacion\/64.jpg\"\n               data-thumbnail=\"https:\/\/lacasadelcipres.com\/wp-content\/gallery\/presentacion\/thumbs\/thumbs_64.jpg\"\n               data-image-id=\"25\"\n               data-title=\"64\"\n               data-description=\"\"\n               data-image-slug=\"64\"\n               class=\"ngg-simplelightbox\" rel=\"56c6d5d90d63928a3f9fba632cc52ec6\">\n                <img\n                    title=\"64\"\n                    alt=\"64\"\n                    src=\"https:\/\/lacasadelcipres.com\/wp-content\/gallery\/presentacion\/thumbs\/thumbs_64.jpg\"\n                    width=\"240\"\n                    height=\"160\"\n                    style=\"max-width:100%;\"\n                \/>\n            <\/a>\n        <\/div>\n\t\t\t\t\t\t\t<\/div> \n\t\t\t\n\t\t\t\t<div id=\"ngg-image-5\" class=\"ngg-gallery-thumbnail-box \" >\n\t\t\t\t        <div class=\"ngg-gallery-thumbnail\">\n            <a href=\"https:\/\/lacasadelcipres.com\/wp-content\/gallery\/presentacion\/5C05EC01-9EC8-4C0D-8F5B-E221AF67ACBB.JPG\"\n               title=\"\"\n               data-src=\"https:\/\/lacasadelcipres.com\/wp-content\/gallery\/presentacion\/5C05EC01-9EC8-4C0D-8F5B-E221AF67ACBB.JPG\"\n               data-thumbnail=\"https:\/\/lacasadelcipres.com\/wp-content\/gallery\/presentacion\/thumbs\/thumbs_5C05EC01-9EC8-4C0D-8F5B-E221AF67ACBB.JPG\"\n               data-image-id=\"120\"\n               data-title=\"5C05EC01-9EC8-4C0D-8F5B-E221AF67ACBB\"\n               data-description=\"\"\n               data-image-slug=\"5c05ec01-9ec8-4c0d-8f5b-e221af67acbb\"\n               class=\"ngg-simplelightbox\" rel=\"56c6d5d90d63928a3f9fba632cc52ec6\">\n                <img\n                    title=\"5C05EC01-9EC8-4C0D-8F5B-E221AF67ACBB\"\n                    alt=\"5C05EC01-9EC8-4C0D-8F5B-E221AF67ACBB\"\n                    src=\"https:\/\/lacasadelcipres.com\/wp-content\/gallery\/presentacion\/thumbs\/thumbs_5C05EC01-9EC8-4C0D-8F5B-E221AF67ACBB.JPG\"\n                    width=\"240\"\n                    height=\"160\"\n                    style=\"max-width:100%;\"\n                \/>\n            <\/a>\n        <\/div>\n\t\t\t\t\t\t\t<\/div> \n\t\t\t\n\t\t\t\t<div id=\"ngg-image-6\" class=\"ngg-gallery-thumbnail-box \" >\n\t\t\t\t        <div class=\"ngg-gallery-thumbnail\">\n            <a href=\"https:\/\/lacasadelcipres.com\/wp-content\/gallery\/presentacion\/Cipres_029.jpg\"\n               title=\"\"\n               data-src=\"https:\/\/lacasadelcipres.com\/wp-content\/gallery\/presentacion\/Cipres_029.jpg\"\n               data-thumbnail=\"https:\/\/lacasadelcipres.com\/wp-content\/gallery\/presentacion\/thumbs\/thumbs_Cipres_029.jpg\"\n               data-image-id=\"26\"\n               data-title=\"Cipres_029\"\n               data-description=\"\"\n               data-image-slug=\"cipres_029\"\n               class=\"ngg-simplelightbox\" rel=\"56c6d5d90d63928a3f9fba632cc52ec6\">\n                <img\n                    title=\"Cipres_029\"\n                    alt=\"Cipres_029\"\n                    src=\"https:\/\/lacasadelcipres.com\/wp-content\/gallery\/presentacion\/thumbs\/thumbs_Cipres_029.jpg\"\n                    width=\"240\"\n                    height=\"160\"\n                    style=\"max-width:100%;\"\n                \/>\n            <\/a>\n        <\/div>\n\t\t\t\t\t\t\t<\/div> \n\t\t\t\n\t\t\t\t<div id=\"ngg-image-7\" class=\"ngg-gallery-thumbnail-box \" >\n\t\t\t\t        <div class=\"ngg-gallery-thumbnail\">\n            <a href=\"https:\/\/lacasadelcipres.com\/wp-content\/gallery\/presentacion\/3ade28b1-a89d-4a00-befc-c0f7ddfb462f.JPG\"\n               title=\"\"\n               data-src=\"https:\/\/lacasadelcipres.com\/wp-content\/gallery\/presentacion\/3ade28b1-a89d-4a00-befc-c0f7ddfb462f.JPG\"\n               data-thumbnail=\"https:\/\/lacasadelcipres.com\/wp-content\/gallery\/presentacion\/thumbs\/thumbs_3ade28b1-a89d-4a00-befc-c0f7ddfb462f.JPG\"\n               data-image-id=\"122\"\n               data-title=\"3ade28b1-a89d-4a00-befc-c0f7ddfb462f\"\n               data-description=\"\"\n               data-image-slug=\"3ade28b1-a89d-4a00-befc-c0f7ddfb462f\"\n               class=\"ngg-simplelightbox\" rel=\"56c6d5d90d63928a3f9fba632cc52ec6\">\n                <img\n                    title=\"3ade28b1-a89d-4a00-befc-c0f7ddfb462f\"\n                    alt=\"3ade28b1-a89d-4a00-befc-c0f7ddfb462f\"\n                    src=\"https:\/\/lacasadelcipres.com\/wp-content\/gallery\/presentacion\/thumbs\/thumbs_3ade28b1-a89d-4a00-befc-c0f7ddfb462f.JPG\"\n                    width=\"240\"\n                    height=\"160\"\n                    style=\"max-width:100%;\"\n                \/>\n            <\/a>\n        <\/div>\n\t\t\t\t\t\t\t<\/div> \n\t\t\t\n\t\n\t<br style=\"clear: both\" \/>\n\n\t\n\t\t<!-- Pagination -->\n\t<div class='ngg-clear'><\/div>\t<\/div>\n\n","protected":false},"excerpt":{"rendered":"<p>Hubo un tiempo en que \u201c La Casa del Cipr\u00e9s \u201c estuvo presidida por un enorme \u00e1rbol plantado en su patio, un cipr\u00e9s que atisbaba erguido el horizonte. Nuestro cipr\u00e9s recupera el s\u00edmbolo de la conexi\u00f3n entre el cielo y la tierra. El eje arriba-abajo que domina nuestras creencias y psicolog\u00eda, nuestra moral y hasta&hellip; <br \/> <a class=\"read-more\" href=\"https:\/\/lacasadelcipres.com\/?page_id=78\">Leer m\u00e1s<\/a><\/p>\n","protected":false},"author":1,"featured_media":0,"parent":0,"menu_order":0,"comment_status":"closed","ping_status":"closed","template":"","meta":{"ngg_post_thumbnail":0,"footnotes":""},"class_list":["post-78","page","type-page","status-publish","hentry"],"_links":{"self":[{"href":"https:\/\/lacasadelcipres.com\/index.php?rest_route=\/wp\/v2\/pages\/78","targetHints":{"allow":["GET"]}}],"collection":[{"href":"https:\/\/lacasadelcipres.com\/index.php?rest_route=\/wp\/v2\/pages"}],"about":[{"href":"https:\/\/lacasadelcipres.com\/index.php?rest_route=\/wp\/v2\/types\/page"}],"author":[{"embeddable":true,"href":"https:\/\/lacasadelcipres.com\/index.php?rest_route=\/wp\/v2\/users\/1"}],"replies":[{"embeddable":true,"href":"https:\/\/lacasadelcipres.com\/index.php?rest_route=%2Fwp%2Fv2%2Fcomments&post=78"}],"version-history":[{"count":65,"href":"https:\/\/lacasadelcipres.com\/index.php?rest_route=\/wp\/v2\/pages\/78\/revisions"}],"predecessor-version":[{"id":88,"href":"https:\/\/lacasadelcipres.com\/index.php?rest_route=\/wp\/v2\/pages\/78\/revisions\/88"}],"wp:attachment":[{"href":"https:\/\/lacasadelcipres.com\/index.php?rest_route=%2Fwp%2Fv2%2Fmedia&parent=78"}],"curies":[{"name":"wp","href":"https:\/\/api.w.org\/{rel}","templated":true}]}}