{"id":144,"date":"2020-07-27T21:37:40","date_gmt":"2020-07-27T21:37:40","guid":{"rendered":"http:\/\/lacasadelcipres.com\/?page_id=144"},"modified":"2020-10-27T17:26:31","modified_gmt":"2020-10-27T17:26:31","slug":"localizacion","status":"publish","type":"page","link":"https:\/\/lacasadelcipres.com\/?page_id=144","title":{"rendered":"Localizaci\u00f3n"},"content":{"rendered":"<p>La Casa del Cipr\u00e9s se encuentra en calle Tornillo n\u00famero 2 en la ciudad de C\u00f3rdoba (Andaluc\u00eda, Espa\u00f1a).<\/p>\n<ul>\n<li style=\"list-style-type: none;\">\n<ul>\n<li>A 10 minutos del Alc\u00e1zar<\/li>\n<li>A 5 minutos a pie de la Mezquita<\/li>\n<li>A 10 minutos de La Plaza de las Tendillas<\/li>\n<li>A 2 minutos Plaza de La Corredera<\/li>\n<li>A 1 minuto de La Plaza del Potro<\/li>\n<\/ul>\n<\/li>\n<\/ul>\n<p><iframe loading=\"lazy\" style=\"border: 0;\" tabindex=\"0\" src=\"https:\/\/www.google.com\/maps\/embed?pb=!1m18!1m12!1m3!1d3149.0540218187734!2d-4.776544884345736!3d37.88241931373137!2m3!1f0!2f0!3f0!3m2!1i1024!2i768!4f13.1!3m3!1m2!1s0xd6cdf7dfd7ead03%3A0xc7147d8c924742a5!2sCalle%20Tornillo%2C%202%2C%2014002%20C%C3%B3rdoba!5e0!3m2!1ses!2ses!4v1595885841292!5m2!1ses!2ses\" width=\"100%\" height=\"450\" frameborder=\"0\" allowfullscreen=\"allowfullscreen\" aria-hidden=\"false\"><\/iframe><\/p>\n","protected":false},"excerpt":{"rendered":"<p>La Casa del Cipr\u00e9s se encuentra en calle Tornillo n\u00famero 2 en la ciudad de C\u00f3rdoba (Andaluc\u00eda, Espa\u00f1a). A 10 minutos del Alc\u00e1zar A 5 minutos a pie de la Mezquita A 10 minutos de La Plaza de las Tendillas A 2 minutos Plaza de La Corredera A 1 minuto de La Plaza del Potro<\/p>\n","protected":false},"author":1,"featured_media":0,"parent":0,"menu_order":0,"comment_status":"closed","ping_status":"closed","template":"","meta":{"ngg_post_thumbnail":0,"footnotes":""},"class_list":["post-144","page","type-page","status-publish","hentry"],"_links":{"self":[{"href":"https:\/\/lacasadelcipres.com\/index.php?rest_route=\/wp\/v2\/pages\/144","targetHints":{"allow":["GET"]}}],"collection":[{"href":"https:\/\/lacasadelcipres.com\/index.php?rest_route=\/wp\/v2\/pages"}],"about":[{"href":"https:\/\/lacasadelcipres.com\/index.php?rest_route=\/wp\/v2\/types\/page"}],"author":[{"embeddable":true,"href":"https:\/\/lacasadelcipres.com\/index.php?rest_route=\/wp\/v2\/users\/1"}],"replies":[{"embeddable":true,"href":"https:\/\/lacasadelcipres.com\/index.php?rest_route=%2Fwp%2Fv2%2Fcomments&post=144"}],"version-history":[{"count":9,"href":"https:\/\/lacasadelcipres.com\/index.php?rest_route=\/wp\/v2\/pages\/144\/revisions"}],"predecessor-version":[{"id":450,"href":"https:\/\/lacasadelcipres.com\/index.php?rest_route=\/wp\/v2\/pages\/144\/revisions\/450"}],"wp:attachment":[{"href":"https:\/\/lacasadelcipres.com\/index.php?rest_route=%2Fwp%2Fv2%2Fmedia&parent=144"}],"curies":[{"name":"wp","href":"https:\/\/api.w.org\/{rel}","templated":true}]}}