{"id":123,"date":"2020-07-27T21:18:08","date_gmt":"2020-07-27T21:18:08","guid":{"rendered":"http:\/\/lacasadelcipres.com\/mesmerize\/"},"modified":"2023-05-22T15:23:00","modified_gmt":"2023-05-22T15:23:00","slug":"mesmerize","status":"publish","type":"page","link":"https:\/\/lacasadelcipres.com\/","title":{"rendered":"Front Page"},"content":{"rendered":"<div data-label=\"Clients\" data-id=\"clients--1\" data-export-id=\"clients-4\" data-category=\"clients\"\r\n    class=\"clients-4 content-section content-section-spacing-small\" id=\"clients-1\" style=\"background-color: #f5fafd;\">\r\n    <div class=\"\">\r\n        <div class=\"row\">\r\n            <div data-type=\"column\" class=\"section-title-col\"><img decoding=\"async\" class=\"custom-image\"\r\n                    src=\"http:\/\/lacasadelcipres.com\/wp-content\/uploads\/2020\/07\/logo-la-casa-del-cipres-pq.png\" alt=\"\"\r\n                    title=\"logo-la-casa-del-cipres-pq\"><\/div>\r\n        <\/div>\r\n        <div data-type=\"row\" class=\"row spaced-cols middle-xs center-xs space-bottom padding-lr\">\r\n            <div class=\"col-xs-12 col-sm-12 col-md-12\">\r\n                <p class=\"lead\">Estancias de lujo en C\u00f3rdoba en una casa palacio muy exclusiva.\r\n                    Celebraci\u00f3n de eventos privados con la magia de un lugar \u00fanico.\r\n                    Servicio de hosteler\u00eda y catering a medida. Organizaci\u00f3n de visitas culturales privadas.\r\n                    Conciertos, exposiciones, lecturas po\u00e9ticas y eventos que sumen tradici\u00f3n y cultura<\/p>\r\n                <span class=\"\" style=\"color: #8e9dae;\"><span style=\"font-size: 16px;\"><!-- default-view.php -->\r\n                    <\/span><\/span><span class=\"\" style=\"color: #8e9dae;\">\r\n                <\/span>\r\n                <!-- default-view.php -->\r\n\r\n                <a class=\"button blue\" href=\"http:\/\/lacasadelcipres.com\/protocolo-covid-19\" target=\"_self\" data-cp-link=\"1\" rel=\"noopener noreferrer\">Protocolo COVID-19<\/a>\r\n                <!-- default-view.php -->\r\n\r\n                <!-- default-view.php -->\r\n\r\n            <\/div>\r\n\r\n        <\/div>\r\n    <\/div>\r\n<\/div>\r\n\r\n\r\n\r\n<br>\r\n\r\n<div class=\"row spaced-cols middle-xs center-xs space-bottom\">\r\n    <div class=\"col-xs-12 col-sm-6 col-md-6\">\r\n        <p class=\"lead\"><iframe loading=\"lazy\" width=\"600\" height=\"400\" src=\"https:\/\/www.youtube.com\/embed\/UoY-CfiA0No\"\r\n            frameborder=\"0\"\r\n            allow=\"accelerometer; autoplay; clipboard-write; encrypted-media; gyroscope; picture-in-picture\"\r\n            allowfullscreen=\"allowfullscreen\"><\/iframe>\r\n        \r\n        <\/p>\r\n    <\/div>\r\n    <div class=\"col-xs-12 col-sm-6 col-md-6\">\r\n        <p class=\"lead\"><iframe loading=\"lazy\" width=\"600\" height=\"400\" src=\"https:\/\/www.youtube.com\/embed\/RSBr_0S_Glk\"\r\n            frameborder=\"0\"\r\n            allow=\"accelerometer; autoplay; clipboard-write; encrypted-media; gyroscope; picture-in-picture\"\r\n            allowfullscreen=\"allowfullscreen\"><\/iframe>\r\n        \r\n        <\/p>\r\n    <\/div>\r\n<\/div>\r\n\r\n\r\n<div id=\"contact-1\" data-label=\"Contact\" data-id=\"contact-1\" data-export-id=\"contact-1\" data-category=\"contact\"\r\n    class=\"contact-1 content-section content-section-spacing white-text\" data-parallax-depth=\"20\"\r\n    style=\"background-image: url('http:\/\/lacasadelcipres.com\/wp-content\/uploads\/2020\/07\/Casa_calle_tornillo_2_008-scaled.jpg'); background-size: cover; background-position: center top;\">\r\n    <div class=\"gridContainer\">\r\n        <div class=\"row text-center\">\r\n            <div class=\"section-title-col\" data-type=\"column\">\r\n                <h2 class=\"\">Contacto<\/h2>\r\n                <p class=\"lead\">Utilice el siguiente formulario para contactar con nosotros sobre cualquier duda o\r\n                    consulta acerca de nuestros servicios.<\/p>\r\n\r\n            <\/div>\r\n        <\/div>\r\n        <div class=\"row text-center\">\r\n            <div class=\"col-xs-12 col-sm-8 col-sm-offset-2 contact-form-wrapper inline-info\">\r\n                <div class=\"card large-padding\">\r\n                    <div class=\"\"\r\n                        data-content-shortcode=\"mesmerize_contact_form shortcode=&quot;contact-form-7 id=&amp;amp;quot;287&amp;amp;quot; title=&amp;amp;quot;Formulario de contacto 1&amp;amp;quot;&quot;\"\r\n                        data-editable=\"true\"><div role=\"form\" class=\"wpcf7\" id=\"wpcf7-f287-o1\" lang=\"es-ES\" dir=\"ltr\">\n<div class=\"screen-reader-response\" role=\"alert\" aria-live=\"polite\"><\/div>\n<form action=\"\/index.php?rest_route=%2Fwp%2Fv2%2Fpages%2F123#wpcf7-f287-o1\" method=\"post\" class=\"wpcf7-form init\" novalidate=\"novalidate\">\n<div style=\"display: none;\">\n<input type=\"hidden\" name=\"_wpcf7\" value=\"287\" \/>\n<input type=\"hidden\" name=\"_wpcf7_version\" value=\"5.2\" \/>\n<input type=\"hidden\" name=\"_wpcf7_locale\" value=\"es_ES\" \/>\n<input type=\"hidden\" name=\"_wpcf7_unit_tag\" value=\"wpcf7-f287-o1\" \/>\n<input type=\"hidden\" name=\"_wpcf7_container_post\" value=\"0\" \/>\n<input type=\"hidden\" name=\"_wpcf7_posted_data_hash\" value=\"\" \/>\n<\/div>\n<p><label> Tu nombre<br \/>\n(obligatorio)<br \/>\n    <span class=\"wpcf7-form-control-wrap your-name\"><input type=\"text\" name=\"your-name\" value=\"\" size=\"40\" class=\"wpcf7-form-control wpcf7-text wpcf7-validates-as-required\" aria-required=\"true\" aria-invalid=\"false\" \/><\/span> <\/label><\/p>\n<p><label> Tu correo electr\u00f3nico<br \/>\n(obligatorio)<br \/>\n    <span class=\"wpcf7-form-control-wrap your-email\"><input type=\"email\" name=\"your-email\" value=\"\" size=\"40\" class=\"wpcf7-form-control wpcf7-text wpcf7-email wpcf7-validates-as-required wpcf7-validates-as-email\" aria-required=\"true\" aria-invalid=\"false\" \/><\/span> <\/label><\/p>\n<p><label> Asunto<br \/>\n    <span class=\"wpcf7-form-control-wrap your-subject\"><input type=\"text\" name=\"your-subject\" value=\"\" size=\"40\" class=\"wpcf7-form-control wpcf7-text\" aria-invalid=\"false\" \/><\/span> <\/label><\/p>\n<p><label> Tu mensaje<br \/>\n    <span class=\"wpcf7-form-control-wrap your-message\"><textarea name=\"your-message\" cols=\"40\" rows=\"10\" class=\"wpcf7-form-control wpcf7-textarea\" aria-invalid=\"false\"><\/textarea><\/span> <\/label><br \/>\n<label>Captcha<br \/>\n<div id=\"cf7sr-69d95d17bf3ec\" class=\"cf7sr-g-recaptcha\" data-sitekey=\"6LdRULcZAAAAAHu00IwK152BglQ3RAd1utxJq_TX\"><\/div><span class=\"wpcf7-form-control-wrap cf7sr-g-recaptcha-invalid\"><\/span><br \/>\n<\/label><br \/>\n<input type=\"submit\" value=\"Enviar\" class=\"wpcf7-form-control wpcf7-submit\" \/><\/p>\n<div class=\"wpcf7-response-output\" role=\"alert\" aria-hidden=\"true\"><\/div><\/form><\/div><\/div>\r\n                <\/div>\r\n            <\/div>\r\n        <\/div>\r\n    <\/div>\r\n<\/div>","protected":false},"excerpt":{"rendered":"<p>Estancias de lujo en C\u00f3rdoba en una casa palacio muy exclusiva. Celebraci\u00f3n de eventos privados con la magia de un lugar \u00fanico. Servicio de hosteler\u00eda y catering a medida. Organizaci\u00f3n de visitas culturales privadas. Conciertos, exposiciones, lecturas po\u00e9ticas y eventos que sumen tradici\u00f3n y cultura Protocolo COVID-19 Contacto Utilice el siguiente formulario para contactar con&hellip; <br \/> <a class=\"read-more\" href=\"https:\/\/lacasadelcipres.com\/\">Leer m\u00e1s<\/a><\/p>\n","protected":false},"author":1,"featured_media":0,"parent":0,"menu_order":0,"comment_status":"closed","ping_status":"closed","template":"page-templates\/homepage.php","meta":{"ngg_post_thumbnail":0,"footnotes":""},"class_list":["post-123","page","type-page","status-publish","hentry"],"_links":{"self":[{"href":"https:\/\/lacasadelcipres.com\/index.php?rest_route=\/wp\/v2\/pages\/123","targetHints":{"allow":["GET"]}}],"collection":[{"href":"https:\/\/lacasadelcipres.com\/index.php?rest_route=\/wp\/v2\/pages"}],"about":[{"href":"https:\/\/lacasadelcipres.com\/index.php?rest_route=\/wp\/v2\/types\/page"}],"author":[{"embeddable":true,"href":"https:\/\/lacasadelcipres.com\/index.php?rest_route=\/wp\/v2\/users\/1"}],"replies":[{"embeddable":true,"href":"https:\/\/lacasadelcipres.com\/index.php?rest_route=%2Fwp%2Fv2%2Fcomments&post=123"}],"version-history":[{"count":73,"href":"https:\/\/lacasadelcipres.com\/index.php?rest_route=\/wp\/v2\/pages\/123\/revisions"}],"predecessor-version":[{"id":1751,"href":"https:\/\/lacasadelcipres.com\/index.php?rest_route=\/wp\/v2\/pages\/123\/revisions\/1751"}],"wp:attachment":[{"href":"https:\/\/lacasadelcipres.com\/index.php?rest_route=%2Fwp%2Fv2%2Fmedia&parent=123"}],"curies":[{"name":"wp","href":"https:\/\/api.w.org\/{rel}","templated":true}]}}